{"id":27,"date":"2023-08-10T05:03:07","date_gmt":"2023-08-10T05:03:07","guid":{"rendered":"https:\/\/knezpetrol.com\/?page_id=27"},"modified":"2023-10-19T08:29:14","modified_gmt":"2023-10-19T08:29:14","slug":"servis","status":"publish","type":"page","link":"https:\/\/knezpetrol.com\/en\/servis\/","title":{"rendered":"Service"},"content":{"rendered":"\t\t<div data-elementor-type=\"wp-page\" data-elementor-id=\"27\" class=\"elementor elementor-27\" data-elementor-post-type=\"page\">\n\t\t\t\t\t\t<section class=\"elementor-section elementor-top-section elementor-element elementor-element-27401422 elementor-section-height-min-height elementor-section-boxed elementor-section-height-default elementor-section-items-middle\" data-id=\"27401422\" data-element_type=\"section\" data-e-type=\"section\" data-settings=\"{&quot;shape_divider_bottom&quot;:&quot;curve-asymmetrical&quot;,&quot;shape_divider_bottom_negative&quot;:&quot;yes&quot;}\">\n\t\t\t\t\t\t\t<div class=\"elementor-background-overlay\"><\/div>\n\t\t\t\t\t\t<div class=\"elementor-shape elementor-shape-bottom\" aria-hidden=\"true\" data-negative=\"true\">\n\t\t\t<svg xmlns=\"http:\/\/www.w3.org\/2000\/svg\" viewBox=\"0 0 1000 100\" preserveAspectRatio=\"none\">\n\t<path class=\"elementor-shape-fill\" d=\"M615.2,96.7C240.2,97.8,0,18.9,0,0v100h1000V0C1000,19.2,989.8,96,615.2,96.7z\"\/>\n<\/svg>\t\t<\/div>\n\t\t\t\t\t<div class=\"elementor-container elementor-column-gap-default\">\n\t\t\t\t\t<div class=\"elementor-column elementor-col-100 elementor-top-column elementor-element elementor-element-3c96120c\" data-id=\"3c96120c\" data-element_type=\"column\" data-e-type=\"column\">\n\t\t\t<div class=\"elementor-widget-wrap\">\n\t\t\t\t\t\t\t<\/div>\n\t\t<\/div>\n\t\t\t\t\t<\/div>\n\t\t<\/section>\n\t\t\t\t<section class=\"elementor-section elementor-top-section elementor-element elementor-element-6b873a77 elementor-section-boxed elementor-section-height-default elementor-section-height-default\" data-id=\"6b873a77\" data-element_type=\"section\" data-e-type=\"section\">\n\t\t\t\t\t\t<div class=\"elementor-container elementor-column-gap-default\">\n\t\t\t\t\t<div class=\"elementor-column elementor-col-33 elementor-top-column elementor-element elementor-element-4f308242\" data-id=\"4f308242\" data-element_type=\"column\" data-e-type=\"column\">\n\t\t\t<div class=\"elementor-widget-wrap\">\n\t\t\t\t\t\t\t<\/div>\n\t\t<\/div>\n\t\t\t\t<div class=\"elementor-column elementor-col-33 elementor-top-column elementor-element elementor-element-65603af4\" data-id=\"65603af4\" data-element_type=\"column\" data-e-type=\"column\" data-settings=\"{&quot;background_background&quot;:&quot;classic&quot;}\">\n\t\t\t<div class=\"elementor-widget-wrap elementor-element-populated\">\n\t\t\t\t\t\t<div class=\"elementor-element elementor-element-33e3fb6 elementor-widget elementor-widget-heading\" data-id=\"33e3fb6\" data-element_type=\"widget\" data-e-type=\"widget\" data-widget_type=\"heading.default\">\n\t\t\t\t<div class=\"elementor-widget-container\">\n\t\t\t\t\t<h1 class=\"elementor-heading-title elementor-size-default\">Knez Petrol servis<\/h1>\t\t\t\t<\/div>\n\t\t\t\t<\/div>\n\t\t\t\t\t<\/div>\n\t\t<\/div>\n\t\t\t\t<div class=\"elementor-column elementor-col-33 elementor-top-column elementor-element elementor-element-7a8e1c00\" data-id=\"7a8e1c00\" data-element_type=\"column\" data-e-type=\"column\">\n\t\t\t<div class=\"elementor-widget-wrap\">\n\t\t\t\t\t\t\t<\/div>\n\t\t<\/div>\n\t\t\t\t\t<\/div>\n\t\t<\/section>\n\t\t\t\t<section class=\"elementor-section elementor-top-section elementor-element elementor-element-26b36d0f elementor-section-boxed elementor-section-height-default elementor-section-height-default\" data-id=\"26b36d0f\" data-element_type=\"section\" data-e-type=\"section\">\n\t\t\t\t\t\t<div class=\"elementor-container elementor-column-gap-default\">\n\t\t\t\t\t<div class=\"elementor-column elementor-col-50 elementor-top-column elementor-element elementor-element-3986e984\" data-id=\"3986e984\" data-element_type=\"column\" data-e-type=\"column\">\n\t\t\t<div class=\"elementor-widget-wrap elementor-element-populated\">\n\t\t\t\t\t\t<div class=\"elementor-element elementor-element-a53b204 elementor-widget elementor-widget-heading\" data-id=\"a53b204\" data-element_type=\"widget\" data-e-type=\"widget\" data-widget_type=\"heading.default\">\n\t\t\t\t<div class=\"elementor-widget-container\">\n\t\t\t\t\t<h2 class=\"elementor-heading-title elementor-size-default\">Servis Knez Petrol<\/h2>\t\t\t\t<\/div>\n\t\t\t\t<\/div>\n\t\t\t\t<div class=\"elementor-element elementor-element-51f63652 elementor-widget elementor-widget-text-editor\" data-id=\"51f63652\" data-element_type=\"widget\" data-e-type=\"widget\" data-widget_type=\"text-editor.default\">\n\t\t\t\t<div class=\"elementor-widget-container\">\n\t\t\t\t\t\t\t\t\t<p><strong>Redovno odr\u017eavanje vu\u010dnih i priklju\u010dnih vozila:<\/strong><br \/>\u2013 zamena filtera i ulja, na preporu\u010denoj kilometra\u017ei, redovna provera te\u010dnosti (antifriz, ulje u menja\u010du, difernecijalu\u2026), provera ko\u010dionog sistema (zamena potro\u0161enih disk plo\u010dica, paknova, ko\u010dionih diskova, ko\u010dionih cilindara, pneumatskih instalacija\u2026) provera sistema ubrizgavanja, klapne, AGR ventila, zamena seta kva\u010dila (lamele, korpe i druck lagera), veliki servis (zamena svih kai\u0161eva, \u0161panera i pumpe za vodu), pode\u0161avanje zazaora ventila, ugradnja abs sistema za prikljucna vozila itd.<\/p><p><strong>Vanredno odr\u017eavanje:<\/strong><br \/>\u2013 reparacija motora, menja\u010da, diferencijala, generalni remont ko\u010dnica na priklju\u010dnim vozilima, otklanjanje gre\u0161eka na vozilima itd.<\/p><p><strong>Bravaraija:<\/strong><br \/>\u2013 vr\u0161enje aluminijumskih i metalnih varova, nadogradnja \u2013 izrade krovnih konstrukcija<\/p><p><strong>Auto dijagnostika:<\/strong><br \/>\u2013 EOBD dijagnoza, serijska dijagnoza (dijagnostika na svim elektronskim sistemima koji su instalirani na vozilu, kao i pristup funkcijama pode\u0161avanja, aktivacija i konfigurisanja)<\/p><p><strong>Elektrika:<\/strong><br \/>\u2013 popravka elektroinstalacija vu\u010dnih i priklju\u010dnih vozila, reparacija elektro sklopava, (alnaseri, alternatori i sl.) auto klime, vebasto grejanje<\/p><p><strong>Farbara:<\/strong><br \/>\u2013 farbanje kompletnog voznog parka<\/p>\t\t\t\t\t\t\t\t<\/div>\n\t\t\t\t<\/div>\n\t\t\t\t<div class=\"elementor-element elementor-element-ee7fcb8 elementor-widget elementor-widget-gallery\" data-id=\"ee7fcb8\" data-element_type=\"widget\" data-e-type=\"widget\" data-settings=\"{&quot;columns&quot;:3,&quot;lazyload&quot;:&quot;yes&quot;,&quot;gallery_layout&quot;:&quot;grid&quot;,&quot;columns_tablet&quot;:2,&quot;columns_mobile&quot;:1,&quot;gap&quot;:{&quot;unit&quot;:&quot;px&quot;,&quot;size&quot;:10,&quot;sizes&quot;:[]},&quot;gap_tablet&quot;:{&quot;unit&quot;:&quot;px&quot;,&quot;size&quot;:10,&quot;sizes&quot;:[]},&quot;gap_mobile&quot;:{&quot;unit&quot;:&quot;px&quot;,&quot;size&quot;:10,&quot;sizes&quot;:[]},&quot;link_to&quot;:&quot;file&quot;,&quot;aspect_ratio&quot;:&quot;3:2&quot;,&quot;overlay_background&quot;:&quot;yes&quot;,&quot;content_hover_animation&quot;:&quot;fade-in&quot;}\" data-widget_type=\"gallery.default\">\n\t\t\t\t<div class=\"elementor-widget-container\">\n\t\t\t\t\t\t\t<div class=\"elementor-gallery__container\">\n\t\t\t\t\t\t\t<a class=\"e-gallery-item elementor-gallery-item elementor-animated-content\" href=\"https:\/\/knezpetrol.com\/wp-content\/uploads\/2023\/08\/servis1.jpg\" data-elementor-open-lightbox=\"yes\" data-elementor-lightbox-slideshow=\"ee7fcb8\" data-elementor-lightbox-title=\"servis1\" data-e-action-hash=\"#elementor-action%3Aaction%3Dlightbox%26settings%3DeyJpZCI6MTY1LCJ1cmwiOiJodHRwczpcL1wva25lenBldHJvbC5jb21cL3dwLWNvbnRlbnRcL3VwbG9hZHNcLzIwMjNcLzA4XC9zZXJ2aXMxLmpwZyIsInNsaWRlc2hvdyI6ImVlN2ZjYjgifQ%3D%3D\">\n\t\t\t\t\t<div class=\"e-gallery-image elementor-gallery-item__image\" data-thumbnail=\"https:\/\/knezpetrol.com\/wp-content\/uploads\/2023\/08\/servis1.jpg\" data-width=\"1280\" data-height=\"853\" aria-label=\"\" role=\"img\" ><\/div>\n\t\t\t\t\t\t\t\t\t\t\t<div class=\"elementor-gallery-item__overlay\"><\/div>\n\t\t\t\t\t\t\t\t\t\t\t\t\t\t<\/a>\n\t\t\t\t\t\t\t<a class=\"e-gallery-item elementor-gallery-item elementor-animated-content\" href=\"https:\/\/knezpetrol.com\/wp-content\/uploads\/2023\/08\/servis2.jpg\" data-elementor-open-lightbox=\"yes\" data-elementor-lightbox-slideshow=\"ee7fcb8\" data-elementor-lightbox-title=\"servis2\" data-e-action-hash=\"#elementor-action%3Aaction%3Dlightbox%26settings%3DeyJpZCI6MTY0LCJ1cmwiOiJodHRwczpcL1wva25lenBldHJvbC5jb21cL3dwLWNvbnRlbnRcL3VwbG9hZHNcLzIwMjNcLzA4XC9zZXJ2aXMyLmpwZyIsInNsaWRlc2hvdyI6ImVlN2ZjYjgifQ%3D%3D\">\n\t\t\t\t\t<div class=\"e-gallery-image elementor-gallery-item__image\" data-thumbnail=\"https:\/\/knezpetrol.com\/wp-content\/uploads\/2023\/08\/servis2.jpg\" data-width=\"1280\" data-height=\"853\" aria-label=\"\" role=\"img\" ><\/div>\n\t\t\t\t\t\t\t\t\t\t\t<div class=\"elementor-gallery-item__overlay\"><\/div>\n\t\t\t\t\t\t\t\t\t\t\t\t\t\t<\/a>\n\t\t\t\t\t\t\t<a class=\"e-gallery-item elementor-gallery-item elementor-animated-content\" href=\"https:\/\/knezpetrol.com\/wp-content\/uploads\/2023\/08\/servis3.jpg\" data-elementor-open-lightbox=\"yes\" data-elementor-lightbox-slideshow=\"ee7fcb8\" data-elementor-lightbox-title=\"servis3\" data-e-action-hash=\"#elementor-action%3Aaction%3Dlightbox%26settings%3DeyJpZCI6MTYzLCJ1cmwiOiJodHRwczpcL1wva25lenBldHJvbC5jb21cL3dwLWNvbnRlbnRcL3VwbG9hZHNcLzIwMjNcLzA4XC9zZXJ2aXMzLmpwZyIsInNsaWRlc2hvdyI6ImVlN2ZjYjgifQ%3D%3D\">\n\t\t\t\t\t<div class=\"e-gallery-image elementor-gallery-item__image\" data-thumbnail=\"https:\/\/knezpetrol.com\/wp-content\/uploads\/2023\/08\/servis3.jpg\" data-width=\"1280\" data-height=\"853\" aria-label=\"\" role=\"img\" ><\/div>\n\t\t\t\t\t\t\t\t\t\t\t<div class=\"elementor-gallery-item__overlay\"><\/div>\n\t\t\t\t\t\t\t\t\t\t\t\t\t\t<\/a>\n\t\t\t\t\t<\/div>\n\t\t\t\t\t<\/div>\n\t\t\t\t<\/div>\n\t\t\t\t\t<\/div>\n\t\t<\/div>\n\t\t\t\t<div class=\"elementor-column elementor-col-50 elementor-top-column elementor-element elementor-element-4c618074\" data-id=\"4c618074\" data-element_type=\"column\" data-e-type=\"column\" data-settings=\"{&quot;background_background&quot;:&quot;classic&quot;}\">\n\t\t\t<div class=\"elementor-widget-wrap elementor-element-populated\">\n\t\t\t\t\t\t<section class=\"elementor-section elementor-inner-section elementor-element elementor-element-3166d28 elementor-section-boxed elementor-section-height-default elementor-section-height-default\" data-id=\"3166d28\" data-element_type=\"section\" data-e-type=\"section\" data-settings=\"{&quot;sticky&quot;:&quot;top&quot;,&quot;sticky_on&quot;:[&quot;desktop&quot;],&quot;sticky_offset&quot;:150,&quot;sticky_parent&quot;:&quot;yes&quot;,&quot;sticky_effects_offset&quot;:0,&quot;sticky_anchor_link_offset&quot;:0}\">\n\t\t\t\t\t\t<div class=\"elementor-container elementor-column-gap-default\">\n\t\t\t\t\t<div class=\"elementor-column elementor-col-100 elementor-inner-column elementor-element elementor-element-0ade4ea\" data-id=\"0ade4ea\" data-element_type=\"column\" data-e-type=\"column\" data-settings=\"{&quot;background_background&quot;:&quot;classic&quot;}\">\n\t\t\t<div class=\"elementor-widget-wrap elementor-element-populated\">\n\t\t\t\t\t\t<div class=\"elementor-element elementor-element-11c0a9f6 elementor-widget elementor-widget-heading\" data-id=\"11c0a9f6\" data-element_type=\"widget\" data-e-type=\"widget\" data-widget_type=\"heading.default\">\n\t\t\t\t<div class=\"elementor-widget-container\">\n\t\t\t\t\t<h2 class=\"elementor-heading-title elementor-size-default\">Sektor za transport<\/h2>\t\t\t\t<\/div>\n\t\t\t\t<\/div>\n\t\t\t\t<div class=\"elementor-element elementor-element-57f2a22b elementor-widget-divider--view-line elementor-widget elementor-widget-divider\" data-id=\"57f2a22b\" data-element_type=\"widget\" data-e-type=\"widget\" data-widget_type=\"divider.default\">\n\t\t\t\t<div class=\"elementor-widget-container\">\n\t\t\t\t\t\t\t<div class=\"elementor-divider\">\n\t\t\t<span class=\"elementor-divider-separator\">\n\t\t\t\t\t\t<\/span>\n\t\t<\/div>\n\t\t\t\t\t\t<\/div>\n\t\t\t\t<\/div>\n\t\t\t\t<div class=\"elementor-element elementor-element-360fac9f elementor-widget elementor-widget-text-editor\" data-id=\"360fac9f\" data-element_type=\"widget\" data-e-type=\"widget\" data-widget_type=\"text-editor.default\">\n\t\t\t\t<div class=\"elementor-widget-container\">\n\t\t\t\t\t\t\t\t\t<p><span style=\"color: #333333;\"><b>Direktor Servisa<\/b><\/span><br \/><span style=\"color: #333333;\">Milan Mihajlovic<\/span><br \/><span style=\"color: #333333;\">\ud83d\udcde<a style=\"color: #333333;\" href=\"tel:+381648594405\"> +381648594405<\/a><\/span><br \/><span style=\"color: #333333;\">\ud83d\udce7<a style=\"color: #333333;\" href=\"mailto:milan@knezpetrol.com\"> milan@knezpetrol.com<\/a><\/span><\/p><p><span style=\"color: #333333;\"><b>Referent nabavke<\/b><\/span><br \/><span style=\"color: #333333;\">Vojislav Damjanovic<\/span><br \/><span style=\"color: #333333;\">\ud83d\udcde +381648056842<\/span><br \/><span style=\"color: #333333;\">\ud83d\udce7<a style=\"color: #333333;\" href=\"mailto:servis@knezpetrol.com\"> servis@knezpetrol.com<\/a><\/span><\/p>\t\t\t\t\t\t\t\t<\/div>\n\t\t\t\t<\/div>\n\t\t\t\t\t<\/div>\n\t\t<\/div>\n\t\t\t\t\t<\/div>\n\t\t<\/section>\n\t\t\t\t\t<\/div>\n\t\t<\/div>\n\t\t\t\t\t<\/div>\n\t\t<\/section>\n\t\t\t\t<\/div>\n\t\t","protected":false},"excerpt":{"rendered":"<p>Knez Petrol servis Servis Knez Petrol Redovno odr\u017eavanje vu\u010dnih i priklju\u010dnih vozila:\u2013 zamena filtera i ulja, na preporu\u010denoj kilometra\u017ei, redovna provera te\u010dnosti (antifriz, ulje u menja\u010du, difernecijalu\u2026), provera ko\u010dionog sistema (zamena potro\u0161enih disk plo\u010dica, paknova, ko\u010dionih diskova, ko\u010dionih cilindara, pneumatskih instalacija\u2026) provera sistema ubrizgavanja, klapne, AGR ventila, zamena seta kva\u010dila (lamele, korpe i druck lagera), [&hellip;]<\/p>\n","protected":false},"author":1,"featured_media":0,"parent":0,"menu_order":0,"comment_status":"closed","ping_status":"closed","template":"","meta":{"_acf_changed":false,"footnotes":""},"class_list":["post-27","page","type-page","status-publish","hentry"],"acf":[],"_links":{"self":[{"href":"https:\/\/knezpetrol.com\/en\/wp-json\/wp\/v2\/pages\/27","targetHints":{"allow":["GET"]}}],"collection":[{"href":"https:\/\/knezpetrol.com\/en\/wp-json\/wp\/v2\/pages"}],"about":[{"href":"https:\/\/knezpetrol.com\/en\/wp-json\/wp\/v2\/types\/page"}],"author":[{"embeddable":true,"href":"https:\/\/knezpetrol.com\/en\/wp-json\/wp\/v2\/users\/1"}],"replies":[{"embeddable":true,"href":"https:\/\/knezpetrol.com\/en\/wp-json\/wp\/v2\/comments?post=27"}],"version-history":[{"count":37,"href":"https:\/\/knezpetrol.com\/en\/wp-json\/wp\/v2\/pages\/27\/revisions"}],"predecessor-version":[{"id":1278,"href":"https:\/\/knezpetrol.com\/en\/wp-json\/wp\/v2\/pages\/27\/revisions\/1278"}],"wp:attachment":[{"href":"https:\/\/knezpetrol.com\/en\/wp-json\/wp\/v2\/media?parent=27"}],"curies":[{"name":"wp","href":"https:\/\/api.w.org\/{rel}","templated":true}]}}