{"id":19,"date":"2023-08-10T05:02:19","date_gmt":"2023-08-10T05:02:19","guid":{"rendered":"https:\/\/knezpetrol.com\/?page_id=19"},"modified":"2026-03-06T14:31:33","modified_gmt":"2026-03-06T14:31:33","slug":"veleprodaja","status":"publish","type":"page","link":"https:\/\/knezpetrol.com\/en\/veleprodaja\/","title":{"rendered":"Wholesale"},"content":{"rendered":"<div data-elementor-type=\"wp-page\" data-elementor-id=\"19\" class=\"elementor elementor-19\" data-elementor-post-type=\"page\">\n\t\t\t\t\t\t<section class=\"elementor-section elementor-top-section elementor-element elementor-element-17232b52 elementor-section-height-min-height elementor-section-boxed elementor-section-height-default elementor-section-items-middle\" data-id=\"17232b52\" data-element_type=\"section\" data-e-type=\"section\" data-settings=\"{&quot;shape_divider_bottom&quot;:&quot;curve-asymmetrical&quot;,&quot;shape_divider_bottom_negative&quot;:&quot;yes&quot;}\">\n\t\t\t\t\t\t\t<div class=\"elementor-background-overlay\"><\/div>\n\t\t\t\t\t\t<div class=\"elementor-shape elementor-shape-bottom\" aria-hidden=\"true\" data-negative=\"true\">\n\t\t\t<svg xmlns=\"http:\/\/www.w3.org\/2000\/svg\" viewbox=\"0 0 1000 100\" preserveaspectratio=\"none\">\n\t<path class=\"elementor-shape-fill\" d=\"M615.2,96.7C240.2,97.8,0,18.9,0,0v100h1000V0C1000,19.2,989.8,96,615.2,96.7z\"\/>\n<\/svg>\t\t<\/div>\n\t\t\t\t\t<div class=\"elementor-container elementor-column-gap-default\">\n\t\t\t\t\t<div class=\"elementor-column elementor-col-100 elementor-top-column elementor-element elementor-element-7a68809\" data-id=\"7a68809\" data-element_type=\"column\" data-e-type=\"column\">\n\t\t\t<div class=\"elementor-widget-wrap\">\n\t\t\t\t\t\t\t<\/div>\n\t\t<\/div>\n\t\t\t\t\t<\/div>\n\t\t<\/section>\n\t\t\t\t<section class=\"elementor-section elementor-top-section elementor-element elementor-element-e9237df elementor-section-boxed elementor-section-height-default elementor-section-height-default\" data-id=\"e9237df\" data-element_type=\"section\" data-e-type=\"section\">\n\t\t\t\t\t\t<div class=\"elementor-container elementor-column-gap-default\">\n\t\t\t\t\t<div class=\"elementor-column elementor-col-33 elementor-top-column elementor-element elementor-element-b7fb2ad\" data-id=\"b7fb2ad\" data-element_type=\"column\" data-e-type=\"column\">\n\t\t\t<div class=\"elementor-widget-wrap\">\n\t\t\t\t\t\t\t<\/div>\n\t\t<\/div>\n\t\t\t\t<div class=\"elementor-column elementor-col-33 elementor-top-column elementor-element elementor-element-727801a\" data-id=\"727801a\" data-element_type=\"column\" data-e-type=\"column\" data-settings=\"{&quot;background_background&quot;:&quot;classic&quot;}\">\n\t\t\t<div class=\"elementor-widget-wrap elementor-element-populated\">\n\t\t\t\t\t\t<div class=\"elementor-element elementor-element-5f6c00de elementor-widget elementor-widget-heading\" data-id=\"5f6c00de\" data-element_type=\"widget\" data-e-type=\"widget\" data-widget_type=\"heading.default\">\n\t\t\t\t<div class=\"elementor-widget-container\">\n\t\t\t\t\t<h1 class=\"elementor-heading-title elementor-size-default\">Wholesale<\/h1>\t\t\t\t<\/div>\n\t\t\t\t<\/div>\n\t\t\t\t\t<\/div>\n\t\t<\/div>\n\t\t\t\t<div class=\"elementor-column elementor-col-33 elementor-top-column elementor-element elementor-element-c72d625\" data-id=\"c72d625\" data-element_type=\"column\" data-e-type=\"column\">\n\t\t\t<div class=\"elementor-widget-wrap\">\n\t\t\t\t\t\t\t<\/div>\n\t\t<\/div>\n\t\t\t\t\t<\/div>\n\t\t<\/section>\n\t\t\t\t<section class=\"elementor-section elementor-top-section elementor-element elementor-element-ff4a4d4 elementor-section-boxed elementor-section-height-default elementor-section-height-default\" data-id=\"ff4a4d4\" data-element_type=\"section\" data-e-type=\"section\">\n\t\t\t\t\t\t<div class=\"elementor-container elementor-column-gap-default\">\n\t\t\t\t\t<div class=\"elementor-column elementor-col-50 elementor-top-column elementor-element elementor-element-dad1892\" data-id=\"dad1892\" data-element_type=\"column\" data-e-type=\"column\">\n\t\t\t<div class=\"elementor-widget-wrap elementor-element-populated\">\n\t\t\t\t\t\t<div class=\"elementor-element elementor-element-7c68dd3 elementor-widget elementor-widget-heading\" data-id=\"7c68dd3\" data-element_type=\"widget\" data-e-type=\"widget\" data-widget_type=\"heading.default\">\n\t\t\t\t<div class=\"elementor-widget-container\">\n\t\t\t\t\t<h2 class=\"elementor-heading-title elementor-size-default\">BMB, Euro Diesel, Mazut S, Mazut NSGS, Light Gas Oil, Low-Sulfur Gas Oil (0.1)<\/h2>\t\t\t\t<\/div>\n\t\t\t\t<\/div>\n\t\t\t\t<div class=\"elementor-element elementor-element-886ce31 elementor-widget elementor-widget-text-editor\" data-id=\"886ce31\" data-element_type=\"widget\" data-e-type=\"widget\" data-widget_type=\"text-editor.default\">\n\t\t\t\t<div class=\"elementor-widget-container\">\n\t\t\t\t\t\t\t\t\t<p>KNEZ PETROL proudly highlights its fifteen-year leadership as a key customer of NIS. With our established and recognizable brand, KNEZ PETROL is oriented towards the future. Through the quality of our work, we are committed to securing a lasting position in the industry.<\/p><p>The wholesale division of KNEZ PETROL represents a critically important segment of our operations. We provide comprehensive supply of all petroleum derivatives for over 15,000 clients.<br \/>Our service is characterized by precision in quantities, accuracy in timing, and flexibility in payment terms.<\/p>\t\t\t\t\t\t\t\t<\/div>\n\t\t\t\t<\/div>\n\t\t\t\t<div class=\"elementor-element elementor-element-117853b elementor-widget__width-initial elementor-icon-list--layout-traditional elementor-list-item-link-full_width elementor-widget elementor-widget-icon-list\" data-id=\"117853b\" data-element_type=\"widget\" data-e-type=\"widget\" data-widget_type=\"icon-list.default\">\n\t\t\t\t<div class=\"elementor-widget-container\">\n\t\t\t\t\t\t\t<ul class=\"elementor-icon-list-items\">\n\t\t\t\t\t\t\t<li class=\"elementor-icon-list-item\">\n\t\t\t\t\t\t\t\t\t\t\t<span class=\"elementor-icon-list-icon\">\n\t\t\t\t\t\t\t<i aria-hidden=\"true\" class=\"fas fa-circle-notch\"><\/i>\t\t\t\t\t\t<\/span>\n\t\t\t\t\t\t\t\t\t\t<span class=\"elementor-icon-list-text\">Gasno ulje ekstra lako evro EL cena: avans 204 rsd\/L, odlo\u017eeno 205 rsd\/L<\/span>\n\t\t\t\t\t\t\t\t\t<\/li>\n\t\t\t\t\t\t<\/ul>\n\t\t\t\t\t\t<\/div>\n\t\t\t\t<\/div>\n\t\t\t\t<div class=\"elementor-element elementor-element-dbb4181 elementor-widget elementor-widget-image\" data-id=\"dbb4181\" data-element_type=\"widget\" data-e-type=\"widget\" data-widget_type=\"image.default\">\n\t\t\t\t<div class=\"elementor-widget-container\">\n\t\t\t\t\t\t\t\t\t\t\t\t\t\t\t<img loading=\"lazy\" decoding=\"async\" width=\"1680\" height=\"597\" src=\"https:\/\/knezpetrol.com\/wp-content\/uploads\/2023\/08\/slika-ispod-prvoh-teksta-na-strani-veleprodaja-copy.jpg\" class=\"attachment-full size-full wp-image-143\" alt=\"\" srcset=\"https:\/\/knezpetrol.com\/wp-content\/uploads\/2023\/08\/slika-ispod-prvoh-teksta-na-strani-veleprodaja-copy.jpg 1680w, https:\/\/knezpetrol.com\/wp-content\/uploads\/2023\/08\/slika-ispod-prvoh-teksta-na-strani-veleprodaja-copy-300x107.jpg 300w, https:\/\/knezpetrol.com\/wp-content\/uploads\/2023\/08\/slika-ispod-prvoh-teksta-na-strani-veleprodaja-copy-1024x364.jpg 1024w, https:\/\/knezpetrol.com\/wp-content\/uploads\/2023\/08\/slika-ispod-prvoh-teksta-na-strani-veleprodaja-copy-768x273.jpg 768w, https:\/\/knezpetrol.com\/wp-content\/uploads\/2023\/08\/slika-ispod-prvoh-teksta-na-strani-veleprodaja-copy-1536x546.jpg 1536w, https:\/\/knezpetrol.com\/wp-content\/uploads\/2023\/08\/slika-ispod-prvoh-teksta-na-strani-veleprodaja-copy-18x6.jpg 18w\" sizes=\"auto, (max-width: 1680px) 100vw, 1680px\" \/>\t\t\t\t\t\t\t\t\t\t\t\t\t\t\t<\/div>\n\t\t\t\t<\/div>\n\t\t\t\t<div class=\"elementor-element elementor-element-116343f elementor-widget elementor-widget-heading\" data-id=\"116343f\" data-element_type=\"widget\" data-e-type=\"widget\" data-widget_type=\"heading.default\">\n\t\t\t\t<div class=\"elementor-widget-container\">\n\t\t\t\t\t<h2 class=\"elementor-heading-title elementor-size-default\">Wholesale of Liquefied Petroleum Gas (LPG)<\/h2>\t\t\t\t<\/div>\n\t\t\t\t<\/div>\n\t\t\t\t<div class=\"elementor-element elementor-element-1993e98 elementor-widget elementor-widget-text-editor\" data-id=\"1993e98\" data-element_type=\"widget\" data-e-type=\"widget\" data-widget_type=\"text-editor.default\">\n\t\t\t\t<div class=\"elementor-widget-container\">\n\t\t\t\t\t\t\t\t\t<p>Knez Petrol owns tanker trucks equipped with both volumetric and mass flow meters for the transportation of liquefied petroleum gas. We are exclusively engaged by NIS as their sole transporters, and we handle the complete supply of TNG (liquefied natural gas) to Luk Oil's gas stations. Eko Hellenic and Naftachem are just a few of our satisfied partners.<\/p>\n<p>Knez Petrol has a one-year contract with NIS for the monthly delivery of 4,500 tons of gas. Additionally, we hold supply contracts for liquefied petroleum gas with 350 private gas stations and approximately 100 establishments, including bakeries, mills, and manufacturing facilities.<\/p>\t\t\t\t\t\t\t\t<\/div>\n\t\t\t\t<\/div>\n\t\t\t\t<div class=\"elementor-element elementor-element-908f70c elementor-widget elementor-widget-image\" data-id=\"908f70c\" data-element_type=\"widget\" data-e-type=\"widget\" data-widget_type=\"image.default\">\n\t\t\t\t<div class=\"elementor-widget-container\">\n\t\t\t\t\t\t\t\t\t\t\t\t\t\t\t<img loading=\"lazy\" decoding=\"async\" width=\"1680\" height=\"742\" src=\"https:\/\/knezpetrol.com\/wp-content\/uploads\/2023\/08\/slika-ispod-teksta-za-veleprodaju-gasa.jpg\" class=\"attachment-full size-full wp-image-144\" alt=\"\" srcset=\"https:\/\/knezpetrol.com\/wp-content\/uploads\/2023\/08\/slika-ispod-teksta-za-veleprodaju-gasa.jpg 1680w, https:\/\/knezpetrol.com\/wp-content\/uploads\/2023\/08\/slika-ispod-teksta-za-veleprodaju-gasa-300x133.jpg 300w, https:\/\/knezpetrol.com\/wp-content\/uploads\/2023\/08\/slika-ispod-teksta-za-veleprodaju-gasa-1024x452.jpg 1024w, https:\/\/knezpetrol.com\/wp-content\/uploads\/2023\/08\/slika-ispod-teksta-za-veleprodaju-gasa-768x339.jpg 768w, https:\/\/knezpetrol.com\/wp-content\/uploads\/2023\/08\/slika-ispod-teksta-za-veleprodaju-gasa-1536x678.jpg 1536w, https:\/\/knezpetrol.com\/wp-content\/uploads\/2023\/08\/slika-ispod-teksta-za-veleprodaju-gasa-18x8.jpg 18w\" sizes=\"auto, (max-width: 1680px) 100vw, 1680px\" \/>\t\t\t\t\t\t\t\t\t\t\t\t\t\t\t<\/div>\n\t\t\t\t<\/div>\n\t\t\t\t<div class=\"elementor-element elementor-element-e456cb5 elementor-widget elementor-widget-heading\" data-id=\"e456cb5\" data-element_type=\"widget\" data-e-type=\"widget\" data-widget_type=\"heading.default\">\n\t\t\t\t<div class=\"elementor-widget-container\">\n\t\t\t\t\t<h2 class=\"elementor-heading-title elementor-size-default\">Knez Petrol Warehouses<\/h2>\t\t\t\t<\/div>\n\t\t\t\t<\/div>\n\t\t\t\t<div class=\"elementor-element elementor-element-3eff277 elementor-widget elementor-widget-text-editor\" data-id=\"3eff277\" data-element_type=\"widget\" data-e-type=\"widget\" data-widget_type=\"text-editor.default\">\n\t\t\t\t<div class=\"elementor-widget-container\">\n\t\t\t\t\t\t\t\t\t<p>The Krnje\u0161evci Warehouse is located in the homonymous place, approximately 20 km from Belgrade, at Partizanski put bb. It features storage space for Euro Diesel and Mazut NSGS. The warehouse is equipped with systems for road transfer of liquid fuel.<\/p><p><strong>Contact phone for the Krnje\u0161evci Warehouse:<\/strong><br \/>022\/239-1273<\/p><p>The Ponikve Warehouse is situated in the immediate vicinity of Ponikve Airport, approximately 20 km from U\u017eice. It has storage space for Euro Diesel and BMB-95. The warehouse is equipped with systems for road transfer of liquid fuel.<\/p>\t\t\t\t\t\t\t\t<\/div>\n\t\t\t\t<\/div>\n\t\t\t\t<div class=\"elementor-element elementor-element-d504c42 elementor-widget elementor-widget-gallery\" data-id=\"d504c42\" data-element_type=\"widget\" data-e-type=\"widget\" data-settings=\"{&quot;columns&quot;:3,&quot;gap&quot;:{&quot;unit&quot;:&quot;px&quot;,&quot;size&quot;:13,&quot;sizes&quot;:[]},&quot;aspect_ratio&quot;:&quot;1:1&quot;,&quot;lazyload&quot;:&quot;yes&quot;,&quot;gallery_layout&quot;:&quot;grid&quot;,&quot;columns_tablet&quot;:2,&quot;columns_mobile&quot;:1,&quot;gap_tablet&quot;:{&quot;unit&quot;:&quot;px&quot;,&quot;size&quot;:10,&quot;sizes&quot;:[]},&quot;gap_mobile&quot;:{&quot;unit&quot;:&quot;px&quot;,&quot;size&quot;:10,&quot;sizes&quot;:[]},&quot;link_to&quot;:&quot;file&quot;,&quot;overlay_background&quot;:&quot;yes&quot;,&quot;content_hover_animation&quot;:&quot;fade-in&quot;}\" data-widget_type=\"gallery.default\">\n\t\t\t\t<div class=\"elementor-widget-container\">\n\t\t\t\t\t\t\t<div class=\"elementor-gallery__container\">\n\t\t\t\t\t\t\t<a class=\"e-gallery-item elementor-gallery-item elementor-animated-content\" href=\"https:\/\/knezpetrol.com\/wp-content\/uploads\/2023\/08\/Skladiste-2.jpg\" data-elementor-open-lightbox=\"yes\" data-elementor-lightbox-slideshow=\"d504c42\" data-elementor-lightbox-title=\"Skladiste-2\" data-e-action-hash=\"#elementor-action%3Aaction%3Dlightbox%26settings%3DeyJpZCI6MTQ1LCJ1cmwiOiJodHRwczpcL1wva25lenBldHJvbC5jb21cL3dwLWNvbnRlbnRcL3VwbG9hZHNcLzIwMjNcLzA4XC9Ta2xhZGlzdGUtMi5qcGciLCJzbGlkZXNob3ciOiJkNTA0YzQyIn0%3D\">\n\t\t\t\t\t<div class=\"e-gallery-image elementor-gallery-item__image\" data-thumbnail=\"https:\/\/knezpetrol.com\/wp-content\/uploads\/2023\/08\/Skladiste-2.jpg\" data-width=\"709\" data-height=\"472\" aria-label=\"\" role=\"img\" ><\/div>\n\t\t\t\t\t\t\t\t\t\t\t<div class=\"elementor-gallery-item__overlay\"><\/div>\n\t\t\t\t\t\t\t\t\t\t\t\t\t\t<\/a>\n\t\t\t\t\t\t\t<a class=\"e-gallery-item elementor-gallery-item elementor-animated-content\" href=\"https:\/\/knezpetrol.com\/wp-content\/uploads\/2023\/08\/Skladiste.jpg\" data-elementor-open-lightbox=\"yes\" data-elementor-lightbox-slideshow=\"d504c42\" data-elementor-lightbox-title=\"Skladiste\" data-e-action-hash=\"#elementor-action%3Aaction%3Dlightbox%26settings%3DeyJpZCI6MTQ2LCJ1cmwiOiJodHRwczpcL1wva25lenBldHJvbC5jb21cL3dwLWNvbnRlbnRcL3VwbG9hZHNcLzIwMjNcLzA4XC9Ta2xhZGlzdGUuanBnIiwic2xpZGVzaG93IjoiZDUwNGM0MiJ9\">\n\t\t\t\t\t<div class=\"e-gallery-image elementor-gallery-item__image\" data-thumbnail=\"https:\/\/knezpetrol.com\/wp-content\/uploads\/2023\/08\/Skladiste.jpg\" data-width=\"709\" data-height=\"472\" aria-label=\"\" role=\"img\" ><\/div>\n\t\t\t\t\t\t\t\t\t\t\t<div class=\"elementor-gallery-item__overlay\"><\/div>\n\t\t\t\t\t\t\t\t\t\t\t\t\t\t<\/a>\n\t\t\t\t\t\t\t<a class=\"e-gallery-item elementor-gallery-item elementor-animated-content\" href=\"https:\/\/knezpetrol.com\/wp-content\/uploads\/2023\/08\/slika_veleprodaja_skladista_optimized.jpg\" data-elementor-open-lightbox=\"yes\" data-elementor-lightbox-slideshow=\"d504c42\" data-elementor-lightbox-title=\"slika_veleprodaja_skladista_optimized\" data-e-action-hash=\"#elementor-action%3Aaction%3Dlightbox%26settings%3DeyJpZCI6MTQ3LCJ1cmwiOiJodHRwczpcL1wva25lenBldHJvbC5jb21cL3dwLWNvbnRlbnRcL3VwbG9hZHNcLzIwMjNcLzA4XC9zbGlrYV92ZWxlcHJvZGFqYV9za2xhZGlzdGFfb3B0aW1pemVkLmpwZyIsInNsaWRlc2hvdyI6ImQ1MDRjNDIifQ%3D%3D\">\n\t\t\t\t\t<div class=\"e-gallery-image elementor-gallery-item__image\" data-thumbnail=\"https:\/\/knezpetrol.com\/wp-content\/uploads\/2023\/08\/slika_veleprodaja_skladista_optimized.jpg\" data-width=\"1280\" data-height=\"878\" aria-label=\"\" role=\"img\" ><\/div>\n\t\t\t\t\t\t\t\t\t\t\t<div class=\"elementor-gallery-item__overlay\"><\/div>\n\t\t\t\t\t\t\t\t\t\t\t\t\t\t<\/a>\n\t\t\t\t\t<\/div>\n\t\t\t\t\t<\/div>\n\t\t\t\t<\/div>\n\t\t\t\t\t<\/div>\n\t\t<\/div>\n\t\t\t\t<div class=\"elementor-column elementor-col-50 elementor-top-column elementor-element elementor-element-ace31a5\" data-id=\"ace31a5\" data-element_type=\"column\" data-e-type=\"column\" data-settings=\"{&quot;background_background&quot;:&quot;classic&quot;}\">\n\t\t\t<div class=\"elementor-widget-wrap elementor-element-populated\">\n\t\t\t\t\t\t<div class=\"elementor-element elementor-element-69dfcf2 elementor-widget elementor-widget-heading\" data-id=\"69dfcf2\" data-element_type=\"widget\" data-e-type=\"widget\" data-widget_type=\"heading.default\">\n\t\t\t\t<div class=\"elementor-widget-container\">\n\t\t\t\t\t<h2 class=\"elementor-heading-title elementor-size-default\">Contact person:<\/h2>\t\t\t\t<\/div>\n\t\t\t\t<\/div>\n\t\t\t\t<div class=\"elementor-element elementor-element-79f156d elementor-widget-divider--view-line elementor-widget elementor-widget-divider\" data-id=\"79f156d\" data-element_type=\"widget\" data-e-type=\"widget\" data-widget_type=\"divider.default\">\n\t\t\t\t<div class=\"elementor-widget-container\">\n\t\t\t\t\t\t\t<div class=\"elementor-divider\">\n\t\t\t<span class=\"elementor-divider-separator\">\n\t\t\t\t\t\t<\/span>\n\t\t<\/div>\n\t\t\t\t\t\t<\/div>\n\t\t\t\t<\/div>\n\t\t\t\t<div class=\"elementor-element elementor-element-0a4a1f0 elementor-widget elementor-widget-heading\" data-id=\"0a4a1f0\" data-element_type=\"widget\" data-e-type=\"widget\" data-widget_type=\"heading.default\">\n\t\t\t\t<div class=\"elementor-widget-container\">\n\t\t\t\t\t<h3 class=\"elementor-heading-title elementor-size-default\">Commercial director<\/h3>\t\t\t\t<\/div>\n\t\t\t\t<\/div>\n\t\t\t\t<div class=\"elementor-element elementor-element-b4631d2 elementor-widget elementor-widget-text-editor\" data-id=\"b4631d2\" data-element_type=\"widget\" data-e-type=\"widget\" data-widget_type=\"text-editor.default\">\n\t\t\t\t<div class=\"elementor-widget-container\">\n\t\t\t\t\t\t\t\t\t<p><span style=\"color: #1f1f1f;\"><b>Peji\u0107 Goran<\/b><\/span><br \/><span style=\"color: #1f1f1f;\">\ud83d\udcde<a style=\"color: #1f1f1f;\" href=\"tel:+381 64 859 44 07\"> +381 64 859 44 07<\/a><\/span><br \/><span style=\"color: #1f1f1f;\">\ud83d\udce7<a style=\"color: #1f1f1f;\" href=\"mailto:goran.pejic@knezpetrol.com\"> goran.pejic@knezpetrol.com<\/a><\/span><\/p>\t\t\t\t\t\t\t\t<\/div>\n\t\t\t\t<\/div>\n\t\t\t\t<div class=\"elementor-element elementor-element-c41ef94 elementor-widget-divider--view-line elementor-widget elementor-widget-divider\" data-id=\"c41ef94\" data-element_type=\"widget\" data-e-type=\"widget\" data-widget_type=\"divider.default\">\n\t\t\t\t<div class=\"elementor-widget-container\">\n\t\t\t\t\t\t\t<div class=\"elementor-divider\">\n\t\t\t<span class=\"elementor-divider-separator\">\n\t\t\t\t\t\t<\/span>\n\t\t<\/div>\n\t\t\t\t\t\t<\/div>\n\t\t\t\t<\/div>\n\t\t\t\t<div class=\"elementor-element elementor-element-5ece064 elementor-widget elementor-widget-heading\" data-id=\"5ece064\" data-element_type=\"widget\" data-e-type=\"widget\" data-widget_type=\"heading.default\">\n\t\t\t\t<div class=\"elementor-widget-container\">\n\t\t\t\t\t<h3 class=\"elementor-heading-title elementor-size-default\">Sales managers:<\/h3>\t\t\t\t<\/div>\n\t\t\t\t<\/div>\n\t\t\t\t<div class=\"elementor-element elementor-element-62a8c16 elementor-widget elementor-widget-text-editor\" data-id=\"62a8c16\" data-element_type=\"widget\" data-e-type=\"widget\" data-widget_type=\"text-editor.default\">\n\t\t\t\t<div class=\"elementor-widget-container\">\n\t\t\t\t\t\t\t\t\t<p><span style=\"color: #1f1f1f;\"><strong>Jovica Peura\u010da<\/strong><\/span><br \/><span style=\"color: #1f1f1f;\">\ud83d\udcde<a style=\"color: #1f1f1f;\" href=\"tel:+381 64 859 44 11\"> +381 64 859 44 11<\/a><\/span><br \/><span style=\"color: #1f1f1f;\">\ud83d\udce7<a style=\"color: #1f1f1f;\" href=\"mailto:peuraca.jovica@knezpetrol.com\"> peuraca.jovica@knezpetrol.com<\/a><\/span><\/p><p><span style=\"color: #1f1f1f;\"><strong>Jovan Vujadinovi\u0107<\/strong><\/span><br \/><span style=\"color: #1f1f1f;\">\ud83d\udce7<a style=\"color: #1f1f1f;\" href=\"mailto:jovan.vujadinovic@knezpetrol.com\"> jovan.vujadinovic@knezpetrol.com<\/a><\/span><br \/><span style=\"color: #1f1f1f;\">\ud83d\udcde +381 64 805 68 76<\/span><\/p><p><span style=\"color: #1f1f1f;\"><strong>Bojan Milosavljevi\u0107<\/strong><\/span><br \/><span style=\"color: #1f1f1f;\">\ud83d\udce7<a style=\"color: #1f1f1f;\" href=\"mailto:bojan.milosavljevic@knezpetrol.com\"> bojan.milosavljevic@knezpetrol.com<\/a><\/span><br \/><span style=\"color: #1f1f1f;\">\ud83d\udcde +381 69 859 49 15<\/span><\/p><p><span style=\"color: #1f1f1f;\"><strong>Du\u0161an \u0106ulum<\/strong><\/span><br \/><span style=\"color: #1f1f1f;\"><a href=\"mailto:zoran.dimitrijevic@knezpetrol.com\">\ud83d\udce7<\/a><a style=\"color: #1f1f1f;\" href=\"mailto:culum.dusan@knezpetrol.com\"> culum.dusan@knezpetrol.com<\/a><\/span><br \/><span style=\"color: #1f1f1f;\">\ud83d\udcde +381 64 805 68 69<\/span><\/p><p><span style=\"color: #1f1f1f;\"><strong>Milo\u0161 Milo\u0161evi\u0107<\/strong><\/span><br \/><span style=\"color: #1f1f1f;\">\ud83d\udce7<a style=\"color: #1f1f1f;\" href=\"mailto:milos.milosevic@knezpetrol.com\"> milos.milosevic@knezpetrol.com<\/a><\/span><br \/><span style=\"color: #1f1f1f;\">\ud83d\udcde +381 64 859 31 31<\/span><\/p><p><span style=\"color: #1f1f1f;\"><strong>Njego\u0161 Te\u0161evi\u0107<\/strong><\/span><br \/><span style=\"color: #1f1f1f;\">\ud83d\udce7<a style=\"color: #1f1f1f;\" href=\"mailto:njegos.tesevic@knezpetrol.com\" target=\"_blank\" rel=\"noopener\"> njegos.tesevic@knezpetrol.com<\/a><\/span><br \/><span style=\"color: #1f1f1f;\">\ud83d\udcde +381 64 859 44 26<\/span><\/p><p><span style=\"color: #1f1f1f;\"><strong>Stojan Bara\u0107<\/strong><\/span><br \/><span style=\"color: #1f1f1f;\">\ud83d\udce7<a style=\"color: #1f1f1f;\" href=\"mailto:stojan.barac@knezpetrol.com\"> stojan.barac@knezpetrol.com<\/a><\/span><br \/><span style=\"color: #1f1f1f;\">\ud83d\udcde +381 64 859 31 62<\/span><\/p><p><span style=\"color: #1f1f1f;\"><strong>Milan Bura<\/strong><\/span><br \/><span style=\"color: #1f1f1f;\">\ud83d\udce7 milan.bura@knezpetrol.com<\/span><br \/><span style=\"color: #1f1f1f;\">\ud83d\udcde +381 <\/span>64 859 44 22<\/p><p><span style=\"color: #1f1f1f;\"><strong>Milan Vukmirica<\/strong><\/span><br \/><span style=\"color: #1f1f1f;\">\ud83d\udce7 vukmirica.milan@knezpetrol.com<\/span><br \/><span style=\"color: #1f1f1f;\">\ud83d\udcde +381 <\/span>64 859 44 29<\/p>\t\t\t\t\t\t\t\t<\/div>\n\t\t\t\t<\/div>\n\t\t\t\t<div class=\"elementor-element elementor-element-a03684f elementor-widget-divider--view-line elementor-widget elementor-widget-divider\" data-id=\"a03684f\" data-element_type=\"widget\" data-e-type=\"widget\" data-widget_type=\"divider.default\">\n\t\t\t\t<div class=\"elementor-widget-container\">\n\t\t\t\t\t\t\t<div class=\"elementor-divider\">\n\t\t\t<span class=\"elementor-divider-separator\">\n\t\t\t\t\t\t<\/span>\n\t\t<\/div>\n\t\t\t\t\t\t<\/div>\n\t\t\t\t<\/div>\n\t\t\t\t<div class=\"elementor-element elementor-element-5eaffa1 elementor-widget elementor-widget-heading\" data-id=\"5eaffa1\" data-element_type=\"widget\" data-e-type=\"widget\" data-widget_type=\"heading.default\">\n\t\t\t\t<div class=\"elementor-widget-container\">\n\t\t\t\t\t<h3 class=\"elementor-heading-title elementor-size-default\">LPG sales sector<\/h3>\t\t\t\t<\/div>\n\t\t\t\t<\/div>\n\t\t\t\t<div class=\"elementor-element elementor-element-8213bdf elementor-widget elementor-widget-text-editor\" data-id=\"8213bdf\" data-element_type=\"widget\" data-e-type=\"widget\" data-widget_type=\"text-editor.default\">\n\t\t\t\t<div class=\"elementor-widget-container\">\n\t\t\t\t\t\t\t\t\t<p><span style=\"color: #1f1f1f;\"><b>Slobodan Suboti\u0107<br \/><\/b>\ud83d\udcde +381 64 859 44 20<\/span><br \/><span style=\"color: #1f1f1f;\">\ud83d\udce7 gas@knezpetrol.com<b><\/b><\/span><\/p><p><span style=\"color: #1f1f1f;\"><strong>Nikola Malova\u0161i\u0107<\/strong><\/span><br \/><span style=\"color: #1f1f1f;\">\ud83d\udcde +381 64 859 44 02<\/span><br \/><span style=\"color: #1f1f1f;\">\ud83d\udce7 nikola.malovasic@knezpetrol.com<\/span><\/p>\t\t\t\t\t\t\t\t<\/div>\n\t\t\t\t<\/div>\n\t\t\t\t<div class=\"elementor-element elementor-element-4d43632 elementor-widget-divider--view-line elementor-widget elementor-widget-divider\" data-id=\"4d43632\" data-element_type=\"widget\" data-e-type=\"widget\" data-widget_type=\"divider.default\">\n\t\t\t\t<div class=\"elementor-widget-container\">\n\t\t\t\t\t\t\t<div class=\"elementor-divider\">\n\t\t\t<span class=\"elementor-divider-separator\">\n\t\t\t\t\t\t<\/span>\n\t\t<\/div>\n\t\t\t\t\t\t<\/div>\n\t\t\t\t<\/div>\n\t\t\t\t<div class=\"elementor-element elementor-element-f469d0f elementor-widget elementor-widget-heading\" data-id=\"f469d0f\" data-element_type=\"widget\" data-e-type=\"widget\" data-widget_type=\"heading.default\">\n\t\t\t\t<div class=\"elementor-widget-container\">\n\t\t\t\t\t<h3 class=\"elementor-heading-title elementor-size-default\">Public Procurement Sector<\/h3>\t\t\t\t<\/div>\n\t\t\t\t<\/div>\n\t\t\t\t<div class=\"elementor-element elementor-element-1c2fd23 elementor-widget elementor-widget-text-editor\" data-id=\"1c2fd23\" data-element_type=\"widget\" data-e-type=\"widget\" data-widget_type=\"text-editor.default\">\n\t\t\t\t<div class=\"elementor-widget-container\">\n\t\t\t\t\t\t\t\t\t<p><span style=\"color: #1f1f1f;\"><b>Jovanka Krsti\u0107<\/b><\/span><br \/><span style=\"color: #1f1f1f;\">\ud83d\udcde +381 64 859 44 06<\/span><br \/><span style=\"color: #1f1f1f;\">\ud83d\udce7\u00a0 jovanka.krstic@knezpetrol.com<\/span><\/p>\t\t\t\t\t\t\t\t<\/div>\n\t\t\t\t<\/div>\n\t\t\t\t\t<\/div>\n\t\t<\/div>\n\t\t\t\t\t<\/div>\n\t\t<\/section>\n\t\t\t\t<\/div>","protected":false},"excerpt":{"rendered":"<p>Veleprodaja BMB , Evro Dizel, Mazut S i Mazut NSGS, Gasno ulje ekstra lako, Gasno ulje 0.1. Kompanija\u00a0KNEZ PETROL\u00a0sa ponosom isti\u010de da je petnaestogodi\u0161nji liderski kupac NIS-a. Sa izgra\u0111enim i prepoznatljivim brendom\u00a0KNEZ PETROLA, okrenuti smo budu\u0107nosti. Kvalitetom sopstvenog rada,osigura\u0107emo mesto u istoj. Veleprodaja kompanije\u00a0KNEZ PETROL\u00a0predstavlja posebno bitan segment na\u0161eg poslovanja.\u00a0Kompletno snabdevanje svim naftnim derivatima vr\u0161imo [&hellip;]<\/p>\n","protected":false},"author":1,"featured_media":0,"parent":0,"menu_order":0,"comment_status":"closed","ping_status":"closed","template":"","meta":{"_acf_changed":false,"footnotes":""},"class_list":["post-19","page","type-page","status-publish","hentry"],"acf":[],"_links":{"self":[{"href":"https:\/\/knezpetrol.com\/en\/wp-json\/wp\/v2\/pages\/19","targetHints":{"allow":["GET"]}}],"collection":[{"href":"https:\/\/knezpetrol.com\/en\/wp-json\/wp\/v2\/pages"}],"about":[{"href":"https:\/\/knezpetrol.com\/en\/wp-json\/wp\/v2\/types\/page"}],"author":[{"embeddable":true,"href":"https:\/\/knezpetrol.com\/en\/wp-json\/wp\/v2\/users\/1"}],"replies":[{"embeddable":true,"href":"https:\/\/knezpetrol.com\/en\/wp-json\/wp\/v2\/comments?post=19"}],"version-history":[{"count":70,"href":"https:\/\/knezpetrol.com\/en\/wp-json\/wp\/v2\/pages\/19\/revisions"}],"predecessor-version":[{"id":1583,"href":"https:\/\/knezpetrol.com\/en\/wp-json\/wp\/v2\/pages\/19\/revisions\/1583"}],"wp:attachment":[{"href":"https:\/\/knezpetrol.com\/en\/wp-json\/wp\/v2\/media?parent=19"}],"curies":[{"name":"wp","href":"https:\/\/api.w.org\/{rel}","templated":true}]}}