{"id":11,"date":"2023-08-10T05:01:51","date_gmt":"2023-08-10T05:01:51","guid":{"rendered":"https:\/\/knezpetrol.com\/?page_id=11"},"modified":"2023-12-20T09:06:19","modified_gmt":"2023-12-20T09:06:19","slug":"o-nama","status":"publish","type":"page","link":"https:\/\/knezpetrol.com\/en\/o-nama\/","title":{"rendered":"About us"},"content":{"rendered":"<div data-elementor-type=\"wp-page\" data-elementor-id=\"11\" class=\"elementor elementor-11\" data-elementor-post-type=\"page\">\n\t\t\t\t\t\t<section class=\"elementor-section elementor-top-section elementor-element elementor-element-1ea4610d elementor-section-full_width elementor-section-height-min-height elementor-section-height-default elementor-section-items-middle\" data-id=\"1ea4610d\" data-element_type=\"section\" data-e-type=\"section\" data-settings=\"{&quot;background_background&quot;:&quot;video&quot;,&quot;background_video_link&quot;:&quot;http:\\\/\\\/knezpetrol.com\\\/wp-content\\\/uploads\\\/2023\\\/08\\\/ENGINE.mp4&quot;,&quot;background_play_on_mobile&quot;:&quot;yes&quot;,&quot;shape_divider_bottom&quot;:&quot;curve-asymmetrical&quot;,&quot;shape_divider_bottom_negative&quot;:&quot;yes&quot;}\">\n\t\t\t\t\t\t\t\t<div class=\"elementor-background-video-container\">\n\t\t\t\t\t\t\t\t\t\t\t\t\t<video class=\"elementor-background-video-hosted\" role=\"presentation\" autoplay muted playsinline loop><\/video>\n\t\t\t\t\t\t\t\t\t\t\t<\/div>\n\t\t\t\t\t\t\t<div class=\"elementor-shape elementor-shape-bottom\" aria-hidden=\"true\" data-negative=\"true\">\n\t\t\t<svg xmlns=\"http:\/\/www.w3.org\/2000\/svg\" viewbox=\"0 0 1000 100\" preserveaspectratio=\"none\">\n\t<path class=\"elementor-shape-fill\" d=\"M615.2,96.7C240.2,97.8,0,18.9,0,0v100h1000V0C1000,19.2,989.8,96,615.2,96.7z\"\/>\n<\/svg>\t\t<\/div>\n\t\t\t\t\t<div class=\"elementor-container elementor-column-gap-default\">\n\t\t\t\t\t<div class=\"elementor-column elementor-col-100 elementor-top-column elementor-element elementor-element-4116b998\" data-id=\"4116b998\" data-element_type=\"column\" data-e-type=\"column\">\n\t\t\t<div class=\"elementor-widget-wrap\">\n\t\t\t\t\t\t\t<\/div>\n\t\t<\/div>\n\t\t\t\t\t<\/div>\n\t\t<\/section>\n\t\t\t\t<section class=\"elementor-section elementor-top-section elementor-element elementor-element-0562b86 elementor-section-boxed elementor-section-height-default elementor-section-height-default\" data-id=\"0562b86\" data-element_type=\"section\" data-e-type=\"section\">\n\t\t\t\t\t\t<div class=\"elementor-container elementor-column-gap-default\">\n\t\t\t\t\t<div class=\"elementor-column elementor-col-50 elementor-top-column elementor-element elementor-element-5f09f4e\" data-id=\"5f09f4e\" data-element_type=\"column\" data-e-type=\"column\">\n\t\t\t<div class=\"elementor-widget-wrap elementor-element-populated\">\n\t\t\t\t\t\t<div class=\"elementor-element elementor-element-3c32c72e elementor-widget elementor-widget-heading\" data-id=\"3c32c72e\" data-element_type=\"widget\" data-e-type=\"widget\" data-widget_type=\"heading.default\">\n\t\t\t\t<div class=\"elementor-widget-container\">\n\t\t\t\t\t<h1 class=\"elementor-heading-title elementor-size-default\">About us<\/h1>\t\t\t\t<\/div>\n\t\t\t\t<\/div>\n\t\t\t\t<div class=\"elementor-element elementor-element-5b5f9ce elementor-widget elementor-widget-text-editor\" data-id=\"5b5f9ce\" data-element_type=\"widget\" data-e-type=\"widget\" data-widget_type=\"text-editor.default\">\n\t\t\t\t<div class=\"elementor-widget-container\">\n\t\t\t\t\t\t\t\t\t<p>Knez Petrol is a company with clearly defined business goals and a growth strategy. We have achieved significant milestones and strive for a leading position in the oil and petroleum products trading industry. In our daily work, each of us represents the face of our company, shaping how others perceive the organization we work for and the brand we represent.<\/p>\n<p>At the moment, Knez Petrol operates over 110 petrol stations across Serbia. We showcase a modern retail network known for quality, service, and a welcoming atmosphere. Our stations provide various fuels like Euro Premium BMB 95, Euro BMB 98, Euro diesel, LPG, X Energy, and Gas Oil. Expect an outstanding selection that mirrors our commitment to quality and meeting our clients' needs.<\/p>\t\t\t\t\t\t\t\t<\/div>\n\t\t\t\t<\/div>\n\t\t\t\t\t<\/div>\n\t\t<\/div>\n\t\t\t\t<div class=\"elementor-column elementor-col-50 elementor-top-column elementor-element elementor-element-19e61bd\" data-id=\"19e61bd\" data-element_type=\"column\" data-e-type=\"column\">\n\t\t\t<div class=\"elementor-widget-wrap elementor-element-populated\">\n\t\t\t\t\t\t<div class=\"elementor-element elementor-element-966392c elementor-widget elementor-widget-image\" data-id=\"966392c\" data-element_type=\"widget\" data-e-type=\"widget\" data-widget_type=\"image.default\">\n\t\t\t\t<div class=\"elementor-widget-container\">\n\t\t\t\t\t\t\t\t\t\t\t\t\t\t\t<img loading=\"lazy\" decoding=\"async\" width=\"800\" height=\"452\" src=\"https:\/\/knezpetrol.com\/wp-content\/uploads\/2023\/09\/nis-1024x578.png\" class=\"attachment-large size-large wp-image-504\" alt=\"\" srcset=\"https:\/\/knezpetrol.com\/wp-content\/uploads\/2023\/09\/nis-1024x578.png 1024w, https:\/\/knezpetrol.com\/wp-content\/uploads\/2023\/09\/nis-300x169.png 300w, https:\/\/knezpetrol.com\/wp-content\/uploads\/2023\/09\/nis-768x434.png 768w, https:\/\/knezpetrol.com\/wp-content\/uploads\/2023\/09\/nis-1536x867.png 1536w, https:\/\/knezpetrol.com\/wp-content\/uploads\/2023\/09\/nis-18x10.png 18w, https:\/\/knezpetrol.com\/wp-content\/uploads\/2023\/09\/nis.png 1640w\" sizes=\"auto, (max-width: 800px) 100vw, 800px\" \/>\t\t\t\t\t\t\t\t\t\t\t\t\t\t\t<\/div>\n\t\t\t\t<\/div>\n\t\t\t\t\t<\/div>\n\t\t<\/div>\n\t\t\t\t\t<\/div>\n\t\t<\/section>\n\t\t\t\t<section class=\"elementor-section elementor-top-section elementor-element elementor-element-c25e126 elementor-reverse-mobile elementor-section-boxed elementor-section-height-default elementor-section-height-default\" data-id=\"c25e126\" data-element_type=\"section\" data-e-type=\"section\" data-settings=\"{&quot;background_background&quot;:&quot;classic&quot;,&quot;shape_divider_top&quot;:&quot;tilt&quot;,&quot;shape_divider_bottom&quot;:&quot;tilt&quot;}\">\n\t\t\t\t\t<div class=\"elementor-shape elementor-shape-top\" aria-hidden=\"true\" data-negative=\"false\">\n\t\t\t<svg xmlns=\"http:\/\/www.w3.org\/2000\/svg\" viewbox=\"0 0 1000 100\" preserveaspectratio=\"none\">\n\t<path class=\"elementor-shape-fill\" d=\"M0,6V0h1000v100L0,6z\"\/>\n<\/svg>\t\t<\/div>\n\t\t\t\t<div class=\"elementor-shape elementor-shape-bottom\" aria-hidden=\"true\" data-negative=\"false\">\n\t\t\t<svg xmlns=\"http:\/\/www.w3.org\/2000\/svg\" viewbox=\"0 0 1000 100\" preserveaspectratio=\"none\">\n\t<path class=\"elementor-shape-fill\" d=\"M0,6V0h1000v100L0,6z\"\/>\n<\/svg>\t\t<\/div>\n\t\t\t\t\t<div class=\"elementor-container elementor-column-gap-default\">\n\t\t\t\t\t<div class=\"elementor-column elementor-col-50 elementor-top-column elementor-element elementor-element-a22a973\" data-id=\"a22a973\" data-element_type=\"column\" data-e-type=\"column\">\n\t\t\t<div class=\"elementor-widget-wrap elementor-element-populated\">\n\t\t\t\t\t\t<div class=\"elementor-element elementor-element-2afb72e elementor-widget elementor-widget-image\" data-id=\"2afb72e\" data-element_type=\"widget\" data-e-type=\"widget\" data-widget_type=\"image.default\">\n\t\t\t\t<div class=\"elementor-widget-container\">\n\t\t\t\t\t\t\t\t\t\t\t\t\t\t\t<img loading=\"lazy\" decoding=\"async\" width=\"800\" height=\"534\" src=\"https:\/\/knezpetrol.com\/wp-content\/uploads\/2023\/09\/0A2A0737-1-1024x683.jpg\" class=\"attachment-large size-large wp-image-502\" alt=\"\" srcset=\"https:\/\/knezpetrol.com\/wp-content\/uploads\/2023\/09\/0A2A0737-1-1024x683.jpg 1024w, https:\/\/knezpetrol.com\/wp-content\/uploads\/2023\/09\/0A2A0737-1-300x200.jpg 300w, https:\/\/knezpetrol.com\/wp-content\/uploads\/2023\/09\/0A2A0737-1-768x512.jpg 768w, https:\/\/knezpetrol.com\/wp-content\/uploads\/2023\/09\/0A2A0737-1-1536x1024.jpg 1536w, https:\/\/knezpetrol.com\/wp-content\/uploads\/2023\/09\/0A2A0737-1-2048x1365.jpg 2048w, https:\/\/knezpetrol.com\/wp-content\/uploads\/2023\/09\/0A2A0737-1-18x12.jpg 18w\" sizes=\"auto, (max-width: 800px) 100vw, 800px\" \/>\t\t\t\t\t\t\t\t\t\t\t\t\t\t\t<\/div>\n\t\t\t\t<\/div>\n\t\t\t\t\t<\/div>\n\t\t<\/div>\n\t\t\t\t<div class=\"elementor-column elementor-col-50 elementor-top-column elementor-element elementor-element-c478bec\" data-id=\"c478bec\" data-element_type=\"column\" data-e-type=\"column\">\n\t\t\t<div class=\"elementor-widget-wrap elementor-element-populated\">\n\t\t\t\t\t\t<div class=\"elementor-element elementor-element-fd165ff elementor-widget elementor-widget-text-editor\" data-id=\"fd165ff\" data-element_type=\"widget\" data-e-type=\"widget\" data-widget_type=\"text-editor.default\">\n\t\t\t\t<div class=\"elementor-widget-container\">\n\t\t\t\t\t\t\t\t\t<p>At Knez Petrol, we have a team of 2000 highly skilled professionals who continually expand their expertise in accordance with the highest training standards, adapting to the specifics of their job responsibilities. The company's leadership is comprised of young experts for whom preserving outstanding business relationships with our partners and consumers is paramount.<\/p><p>Guided by our vision and the trust placed in us, we've developed innovative concepts to transform the Knez Petrol network of petrol stations into pleasant places of respite for all our customers. Regardless of the location, we offer a broad range of possibilities and high-quality service.<\/p><p>As our company grows, so does our responsibility to the market, consumers, and society. That's why our service is fast, high-quality, and in line with European standards.<\/p>\t\t\t\t\t\t\t\t<\/div>\n\t\t\t\t<\/div>\n\t\t\t\t\t<\/div>\n\t\t<\/div>\n\t\t\t\t\t<\/div>\n\t\t<\/section>\n\t\t\t\t<section class=\"elementor-section elementor-top-section elementor-element elementor-element-52c8ce8 elementor-section-boxed elementor-section-height-default elementor-section-height-default\" data-id=\"52c8ce8\" data-element_type=\"section\" data-e-type=\"section\" data-settings=\"{&quot;background_background&quot;:&quot;classic&quot;}\">\n\t\t\t\t\t\t<div class=\"elementor-container elementor-column-gap-default\">\n\t\t\t\t\t<div class=\"elementor-column elementor-col-50 elementor-top-column elementor-element elementor-element-5db6720\" data-id=\"5db6720\" data-element_type=\"column\" data-e-type=\"column\">\n\t\t\t<div class=\"elementor-widget-wrap elementor-element-populated\">\n\t\t\t\t\t\t<div class=\"elementor-element elementor-element-fd8c75e elementor-widget elementor-widget-text-editor\" data-id=\"fd8c75e\" data-element_type=\"widget\" data-e-type=\"widget\" data-widget_type=\"text-editor.default\">\n\t\t\t\t<div class=\"elementor-widget-container\">\n\t\t\t\t\t\t\t\t\t<p><strong>The fundamental guidelines of our business encompass:<\/strong><\/p><ul><li>Environmental responsibility<\/li><li>Safety<\/li><li>Sustainable business practices<\/li><li>Quality of services and products<\/li><li>Expansion of the retail network<\/li><li><p>Teamwork.<\/p><\/li><\/ul><p>With experience, professional knowledge, a serious and responsible approach, collaborative work, collegiality, efficient organization, and, of course, guided by our vision, we are constructing\u00a0<b>KNEZ PETROL alongside you.<\/b>.<\/p><p><b>KNEZ PETROL \u2013 The energy of visionaries.<\/b><\/p>\t\t\t\t\t\t\t\t<\/div>\n\t\t\t\t<\/div>\n\t\t\t\t\t<\/div>\n\t\t<\/div>\n\t\t\t\t<div class=\"elementor-column elementor-col-50 elementor-top-column elementor-element elementor-element-9134ac6\" data-id=\"9134ac6\" data-element_type=\"column\" data-e-type=\"column\">\n\t\t\t<div class=\"elementor-widget-wrap elementor-element-populated\">\n\t\t\t\t\t\t<div class=\"elementor-element elementor-element-18be70e elementor-widget elementor-widget-image\" data-id=\"18be70e\" data-element_type=\"widget\" data-e-type=\"widget\" data-widget_type=\"image.default\">\n\t\t\t\t<div class=\"elementor-widget-container\">\n\t\t\t\t\t\t\t\t\t\t\t\t\t\t\t<img loading=\"lazy\" decoding=\"async\" width=\"800\" height=\"543\" src=\"https:\/\/knezpetrol.com\/wp-content\/uploads\/2023\/10\/Vrnjacka-Banja-2-1-1024x695.webp\" class=\"attachment-large size-large wp-image-1284\" alt=\"\" srcset=\"https:\/\/knezpetrol.com\/wp-content\/uploads\/2023\/10\/Vrnjacka-Banja-2-1-1024x695.webp 1024w, https:\/\/knezpetrol.com\/wp-content\/uploads\/2023\/10\/Vrnjacka-Banja-2-1-300x203.webp 300w, https:\/\/knezpetrol.com\/wp-content\/uploads\/2023\/10\/Vrnjacka-Banja-2-1-768x521.webp 768w, https:\/\/knezpetrol.com\/wp-content\/uploads\/2023\/10\/Vrnjacka-Banja-2-1-18x12.webp 18w, https:\/\/knezpetrol.com\/wp-content\/uploads\/2023\/10\/Vrnjacka-Banja-2-1.webp 1259w\" sizes=\"auto, (max-width: 800px) 100vw, 800px\" \/>\t\t\t\t\t\t\t\t\t\t\t\t\t\t\t<\/div>\n\t\t\t\t<\/div>\n\t\t\t\t\t<\/div>\n\t\t<\/div>\n\t\t\t\t\t<\/div>\n\t\t<\/section>\n\t\t\t\t<section class=\"elementor-section elementor-top-section elementor-element elementor-element-fb0b995 elementor-section-boxed elementor-section-height-default elementor-section-height-default\" data-id=\"fb0b995\" data-element_type=\"section\" data-e-type=\"section\" data-settings=\"{&quot;background_background&quot;:&quot;classic&quot;,&quot;shape_divider_bottom&quot;:&quot;curve&quot;,&quot;shape_divider_bottom_negative&quot;:&quot;yes&quot;}\">\n\t\t\t\t\t<div class=\"elementor-shape elementor-shape-bottom\" aria-hidden=\"true\" data-negative=\"true\">\n\t\t\t<svg xmlns=\"http:\/\/www.w3.org\/2000\/svg\" viewbox=\"0 0 1000 100\" preserveaspectratio=\"none\">\n\t<path class=\"elementor-shape-fill\" d=\"M500,97C126.7,96.3,0.8,19.8,0,0v100l1000,0V1C1000,19.4,873.3,97.8,500,97z\"\/>\n<\/svg>\t\t<\/div>\n\t\t\t\t\t<div class=\"elementor-container elementor-column-gap-default\">\n\t\t\t\t\t<div class=\"elementor-column elementor-col-50 elementor-top-column elementor-element elementor-element-83df314\" data-id=\"83df314\" data-element_type=\"column\" data-e-type=\"column\">\n\t\t\t<div class=\"elementor-widget-wrap elementor-element-populated\">\n\t\t\t\t\t\t<div class=\"elementor-element elementor-element-73cd057 elementor-widget elementor-widget-image\" data-id=\"73cd057\" data-element_type=\"widget\" data-e-type=\"widget\" data-widget_type=\"image.default\">\n\t\t\t\t<div class=\"elementor-widget-container\">\n\t\t\t\t\t\t\t\t\t\t\t\t\t\t\t<img loading=\"lazy\" decoding=\"async\" width=\"800\" height=\"300\" src=\"https:\/\/knezpetrol.com\/wp-content\/uploads\/2023\/09\/Untitled-800-\u00d7-300-px.png\" class=\"attachment-full size-full wp-image-501\" alt=\"\" srcset=\"https:\/\/knezpetrol.com\/wp-content\/uploads\/2023\/09\/Untitled-800-\u00d7-300-px.png 800w, https:\/\/knezpetrol.com\/wp-content\/uploads\/2023\/09\/Untitled-800-\u00d7-300-px-300x113.png 300w, https:\/\/knezpetrol.com\/wp-content\/uploads\/2023\/09\/Untitled-800-\u00d7-300-px-768x288.png 768w, https:\/\/knezpetrol.com\/wp-content\/uploads\/2023\/09\/Untitled-800-\u00d7-300-px-18x7.png 18w\" sizes=\"auto, (max-width: 800px) 100vw, 800px\" \/>\t\t\t\t\t\t\t\t\t\t\t\t\t\t\t<\/div>\n\t\t\t\t<\/div>\n\t\t\t\t\t<\/div>\n\t\t<\/div>\n\t\t\t\t<div class=\"elementor-column elementor-col-50 elementor-top-column elementor-element elementor-element-debb206\" data-id=\"debb206\" data-element_type=\"column\" data-e-type=\"column\">\n\t\t\t<div class=\"elementor-widget-wrap elementor-element-populated\">\n\t\t\t\t\t\t<div class=\"elementor-element elementor-element-6b20a69 elementor-widget elementor-widget-heading\" data-id=\"6b20a69\" data-element_type=\"widget\" data-e-type=\"widget\" data-widget_type=\"heading.default\">\n\t\t\t\t<div class=\"elementor-widget-container\">\n\t\t\t\t\t<h2 class=\"elementor-heading-title elementor-size-default\">What is XEnergy?<\/h2>\t\t\t\t<\/div>\n\t\t\t\t<\/div>\n\t\t\t\t<div class=\"elementor-element elementor-element-4ed9abf elementor-widget elementor-widget-text-editor\" data-id=\"4ed9abf\" data-element_type=\"widget\" data-e-type=\"widget\" data-widget_type=\"text-editor.default\">\n\t\t\t\t<div class=\"elementor-widget-container\">\n\t\t\t\t\t\t\t\t\t<p>The latest formula of fuel additive supports the cleaning and maintenance of your car's engine.<\/p><ul><li>Preventing the formation of deposits on the fuel injector system of the engine,<\/li><li>Breaking down deposits on injectors caused by prolonged use of non-additive fuels,<\/li><li>Increasing the cetane number of the fuel,<\/li><li>Protecting the engine fuel supply system from corrosion,<\/li><li>Reducing foam formation in diesel fuel,<\/li><li>Ensuring easier separation of water from fuel,<\/li><li>Reducing exhaust gas emissions (soot particles, CO, and unburned hydrocarbons), and<\/li><li>Subject to variations in engine operating conditions, it contributes to fuel consumption reduction.<\/li><\/ul>\t\t\t\t\t\t\t\t<\/div>\n\t\t\t\t<\/div>\n\t\t\t\t\t<\/div>\n\t\t<\/div>\n\t\t\t\t\t<\/div>\n\t\t<\/section>\n\t\t\t\t<section class=\"elementor-section elementor-top-section elementor-element elementor-element-d785602 elementor-section-boxed elementor-section-height-default elementor-section-height-default\" data-id=\"d785602\" data-element_type=\"section\" data-e-type=\"section\" data-settings=\"{&quot;background_background&quot;:&quot;classic&quot;}\">\n\t\t\t\t\t\t<div class=\"elementor-container elementor-column-gap-default\">\n\t\t\t\t\t<div class=\"elementor-column elementor-col-100 elementor-top-column elementor-element elementor-element-98c4034\" data-id=\"98c4034\" data-element_type=\"column\" data-e-type=\"column\">\n\t\t\t<div class=\"elementor-widget-wrap elementor-element-populated\">\n\t\t\t\t\t\t<div class=\"elementor-element elementor-element-3f71e16 elementor-arrows-position-inside elementor-widget elementor-widget-image-carousel\" data-id=\"3f71e16\" data-element_type=\"widget\" data-e-type=\"widget\" data-settings=\"{&quot;slides_to_show&quot;:&quot;5&quot;,&quot;navigation&quot;:&quot;arrows&quot;,&quot;image_spacing_custom&quot;:{&quot;unit&quot;:&quot;px&quot;,&quot;size&quot;:30,&quot;sizes&quot;:[]},&quot;slides_to_show_mobile&quot;:&quot;3&quot;,&quot;autoplay&quot;:&quot;yes&quot;,&quot;pause_on_hover&quot;:&quot;yes&quot;,&quot;pause_on_interaction&quot;:&quot;yes&quot;,&quot;autoplay_speed&quot;:5000,&quot;infinite&quot;:&quot;yes&quot;,&quot;speed&quot;:500,&quot;image_spacing_custom_tablet&quot;:{&quot;unit&quot;:&quot;px&quot;,&quot;size&quot;:&quot;&quot;,&quot;sizes&quot;:[]},&quot;image_spacing_custom_mobile&quot;:{&quot;unit&quot;:&quot;px&quot;,&quot;size&quot;:&quot;&quot;,&quot;sizes&quot;:[]}}\" data-widget_type=\"image-carousel.default\">\n\t\t\t\t<div class=\"elementor-widget-container\">\n\t\t\t\t\t\t\t<div class=\"elementor-image-carousel-wrapper swiper\" role=\"region\" aria-roledescription=\"carousel\" aria-label=\"Image Carousel\" dir=\"ltr\">\n\t\t\t<div class=\"elementor-image-carousel swiper-wrapper\" aria-live=\"off\">\n\t\t\t\t\t\t\t\t<div class=\"swiper-slide\" role=\"group\" aria-roledescription=\"slide\" aria-label=\"1 of 8\"><figure class=\"swiper-slide-inner\"><img decoding=\"async\" class=\"swiper-slide-image\" src=\"https:\/\/knezpetrol.com\/wp-content\/uploads\/2023\/12\/ISO-SERTIFIKATI-1-2-2.png\" alt=\"ISO SERTIFIKATI (1) (2)-2\" \/><\/figure><\/div><div class=\"swiper-slide\" role=\"group\" aria-roledescription=\"slide\" aria-label=\"2 of 8\"><figure class=\"swiper-slide-inner\"><img decoding=\"async\" class=\"swiper-slide-image\" src=\"https:\/\/knezpetrol.com\/wp-content\/uploads\/2023\/12\/ISO-SERTIFIKATI-1-2-1.png\" alt=\"ISO SERTIFIKATI (1) (2)-1\" \/><\/figure><\/div><div class=\"swiper-slide\" role=\"group\" aria-roledescription=\"slide\" aria-label=\"3 of 8\"><figure class=\"swiper-slide-inner\"><img decoding=\"async\" class=\"swiper-slide-image\" src=\"https:\/\/knezpetrol.com\/wp-content\/uploads\/2023\/12\/ISO-SERTIFIKATI-1-2-8.png\" alt=\"ISO SERTIFIKATI (1) (2)-8\" \/><\/figure><\/div><div class=\"swiper-slide\" role=\"group\" aria-roledescription=\"slide\" aria-label=\"4 of 8\"><figure class=\"swiper-slide-inner\"><img decoding=\"async\" class=\"swiper-slide-image\" src=\"https:\/\/knezpetrol.com\/wp-content\/uploads\/2023\/12\/ISO-SERTIFIKATI-1-2-7.png\" alt=\"ISO SERTIFIKATI (1) (2)-7\" \/><\/figure><\/div><div class=\"swiper-slide\" role=\"group\" aria-roledescription=\"slide\" aria-label=\"5 of 8\"><figure class=\"swiper-slide-inner\"><img decoding=\"async\" class=\"swiper-slide-image\" src=\"https:\/\/knezpetrol.com\/wp-content\/uploads\/2023\/12\/ISO-SERTIFIKATI-1-2-6.png\" alt=\"ISO SERTIFIKATI (1) (2)-6\" \/><\/figure><\/div><div class=\"swiper-slide\" role=\"group\" aria-roledescription=\"slide\" aria-label=\"6 of 8\"><figure class=\"swiper-slide-inner\"><img decoding=\"async\" class=\"swiper-slide-image\" src=\"https:\/\/knezpetrol.com\/wp-content\/uploads\/2023\/12\/ISO-SERTIFIKATI-1-2-5.png\" alt=\"ISO SERTIFIKATI (1) (2)-5\" \/><\/figure><\/div><div class=\"swiper-slide\" role=\"group\" aria-roledescription=\"slide\" aria-label=\"7 of 8\"><figure class=\"swiper-slide-inner\"><img decoding=\"async\" class=\"swiper-slide-image\" src=\"https:\/\/knezpetrol.com\/wp-content\/uploads\/2023\/12\/ISO-SERTIFIKATI-1-2-4.png\" alt=\"ISO SERTIFIKATI (1) (2)-4\" \/><\/figure><\/div><div class=\"swiper-slide\" role=\"group\" aria-roledescription=\"slide\" aria-label=\"8 of 8\"><figure class=\"swiper-slide-inner\"><img decoding=\"async\" class=\"swiper-slide-image\" src=\"https:\/\/knezpetrol.com\/wp-content\/uploads\/2023\/12\/ISO-SERTIFIKATI-1-2-3.png\" alt=\"ISO SERTIFIKATI (1) (2)-3\" \/><\/figure><\/div>\t\t\t<\/div>\n\t\t\t\t\t\t\t\t\t\t\t\t<div class=\"elementor-swiper-button elementor-swiper-button-prev\" role=\"button\" tabindex=\"0\">\n\t\t\t\t\t\t<i aria-hidden=\"true\" class=\"eicon-chevron-left\"><\/i>\t\t\t\t\t<\/div>\n\t\t\t\t\t<div class=\"elementor-swiper-button elementor-swiper-button-next\" role=\"button\" tabindex=\"0\">\n\t\t\t\t\t\t<i aria-hidden=\"true\" class=\"eicon-chevron-right\"><\/i>\t\t\t\t\t<\/div>\n\t\t\t\t\n\t\t\t\t\t\t\t\t\t<\/div>\n\t\t\t\t\t\t<\/div>\n\t\t\t\t<\/div>\n\t\t\t\t<div class=\"elementor-element elementor-element-7fa0ac9 elementor-widget elementor-widget-text-editor\" data-id=\"7fa0ac9\" data-element_type=\"widget\" data-e-type=\"widget\" data-widget_type=\"text-editor.default\">\n\t\t\t\t<div class=\"elementor-widget-container\">\n\t\t\t\t\t\t\t\t\t<p><strong>SERTIFICATES:<\/strong> download all certificates by clicking on<\/p>\t\t\t\t\t\t\t\t<\/div>\n\t\t\t\t<\/div>\n\t\t\t\t<div class=\"elementor-element elementor-element-383276d elementor-align-center elementor-widget elementor-widget-button\" data-id=\"383276d\" data-element_type=\"widget\" data-e-type=\"widget\" data-widget_type=\"button.default\">\n\t\t\t\t<div class=\"elementor-widget-container\">\n\t\t\t\t\t\t\t\t\t<div class=\"elementor-button-wrapper\">\n\t\t\t\t\t<a class=\"elementor-button elementor-button-link elementor-size-md\" href=\"https:\/\/knezpetrol.com\/wp-content\/uploads\/2023\/12\/ISO-SERTIFIKATI-1-2.pdf\">\n\t\t\t\t\t\t<span class=\"elementor-button-content-wrapper\">\n\t\t\t\t\t\t\t\t\t<span class=\"elementor-button-text\">Download PDF<\/span>\n\t\t\t\t\t<\/span>\n\t\t\t\t\t<\/a>\n\t\t\t\t<\/div>\n\t\t\t\t\t\t\t\t<\/div>\n\t\t\t\t<\/div>\n\t\t\t\t\t<\/div>\n\t\t<\/div>\n\t\t\t\t\t<\/div>\n\t\t<\/section>\n\t\t\t\t<\/div>","protected":false},"excerpt":{"rendered":"<p>O nama KNEZ PETROL&nbsp;je kompanija sa jasno profilisanim poslovnim ciljevima i strategijom rasta. Ostvarili smo mnogo i te\u017eimo liderskoj poziciji na tr\u017ei\u0161tu trgovine naftom i naftnim derivatima. U svakodnevom radu svi mi predstavljamo lice na\u0161e kompanije. Upravo kroz nas, drugi ljudi do\u017eivljavaju kompaniju u kojoj radimo i brend koji predstavljamo. U ovom momentu&nbsp;KNEZ PETROL&nbsp;je rasprostranjen [&hellip;]<\/p>\n","protected":false},"author":1,"featured_media":0,"parent":0,"menu_order":0,"comment_status":"closed","ping_status":"closed","template":"","meta":{"_acf_changed":false,"footnotes":""},"class_list":["post-11","page","type-page","status-publish","hentry"],"acf":[],"_links":{"self":[{"href":"https:\/\/knezpetrol.com\/en\/wp-json\/wp\/v2\/pages\/11","targetHints":{"allow":["GET"]}}],"collection":[{"href":"https:\/\/knezpetrol.com\/en\/wp-json\/wp\/v2\/pages"}],"about":[{"href":"https:\/\/knezpetrol.com\/en\/wp-json\/wp\/v2\/types\/page"}],"author":[{"embeddable":true,"href":"https:\/\/knezpetrol.com\/en\/wp-json\/wp\/v2\/users\/1"}],"replies":[{"embeddable":true,"href":"https:\/\/knezpetrol.com\/en\/wp-json\/wp\/v2\/comments?post=11"}],"version-history":[{"count":88,"href":"https:\/\/knezpetrol.com\/en\/wp-json\/wp\/v2\/pages\/11\/revisions"}],"predecessor-version":[{"id":1328,"href":"https:\/\/knezpetrol.com\/en\/wp-json\/wp\/v2\/pages\/11\/revisions\/1328"}],"wp:attachment":[{"href":"https:\/\/knezpetrol.com\/en\/wp-json\/wp\/v2\/media?parent=11"}],"curies":[{"name":"wp","href":"https:\/\/api.w.org\/{rel}","templated":true}]}}